{"id":208,"date":"2026-03-12T11:02:02","date_gmt":"2026-03-12T10:02:02","guid":{"rendered":"http:\/\/neu.giraffenbaeren.de\/index.php\/wir-ueber-uns\/"},"modified":"2026-03-16T11:45:05","modified_gmt":"2026-03-16T10:45:05","slug":"wir-ueber-uns","status":"publish","type":"page","link":"https:\/\/neu.giraffenbaeren.de\/index.php\/wir-ueber-uns\/","title":{"rendered":"Wir \u00fcber uns"},"content":{"rendered":"\n<h2 class=\"wp-block-heading\">Unsere Geschichte<\/h2>\n\n\n\n<figure class=\"wp-block-image size-full is-resized is-style-rounded is-style-rounded--1\"><a href=\"http:\/\/neu.giraffenbaeren.de\/index.php\/wir-ueber-uns\/unsere-geschichte\/\"><img loading=\"lazy\" decoding=\"async\" width=\"1024\" height=\"678\" src=\"http:\/\/neu.giraffenbaeren.de\/wp-content\/uploads\/2026\/03\/DSC_0389_bearbeitet-1-1024x678-2.jpg\" alt=\"\" class=\"wp-image-293\" style=\"object-fit:cover;width:600px;height:200px\" srcset=\"https:\/\/neu.giraffenbaeren.de\/wp-content\/uploads\/2026\/03\/DSC_0389_bearbeitet-1-1024x678-2.jpg 1024w, https:\/\/neu.giraffenbaeren.de\/wp-content\/uploads\/2026\/03\/DSC_0389_bearbeitet-1-1024x678-2-300x199.jpg 300w, https:\/\/neu.giraffenbaeren.de\/wp-content\/uploads\/2026\/03\/DSC_0389_bearbeitet-1-1024x678-2-768x509.jpg 768w\" sizes=\"auto, (max-width: 1024px) 100vw, 1024px\" \/><\/a><\/figure>\n\n\n\n<p>Wir sind eine zweigruppige Kindertageseinrichtung \u2013 gef\u00fchrt unter der Tr\u00e4gerschaft des Elternvereins \u201eintegrative Kita Giraffenb\u00e4r e.V.\u201c.<\/p>\n\n\n\n<div class=\"wp-block-buttons is-content-justification-center is-layout-flex wp-container-core-buttons-is-layout-dd320d38 wp-block-buttons-is-layout-flex\" style=\"margin-bottom:var(--wp--preset--spacing--40)\">\n<div class=\"wp-block-button\"><a class=\"wp-block-button__link has-background wp-element-button\" href=\"http:\/\/neu.giraffenbaeren.de\/index.php\/wir-ueber-uns\/unsere-geschichte\/\" style=\"background-color:#103840\">Unsere Historie seit 1973<\/a><\/div>\n<\/div>\n\n\n\n<h2 class=\"wp-block-heading\">Unser Team<\/h2>\n\n\n\n<figure class=\"wp-block-image size-full is-resized is-style-rounded is-style-rounded--2\"><a href=\"http:\/\/neu.giraffenbaeren.de\/index.php\/wir-ueber-uns\/17-2\/\"><img loading=\"lazy\" decoding=\"async\" width=\"642\" height=\"300\" src=\"http:\/\/neu.giraffenbaeren.de\/wp-content\/uploads\/2026\/03\/Kachel3.jpg\" alt=\"\" class=\"wp-image-59\" style=\"object-fit:cover;width:600px;height:200px\" srcset=\"https:\/\/neu.giraffenbaeren.de\/wp-content\/uploads\/2026\/03\/Kachel3.jpg 642w, https:\/\/neu.giraffenbaeren.de\/wp-content\/uploads\/2026\/03\/Kachel3-300x140.jpg 300w\" sizes=\"auto, (max-width: 642px) 100vw, 642px\" \/><\/a><\/figure>\n\n\n\n<p>Lernen Sie unser Team rund um unsere p\u00e4dagogischen Fachkr\u00e4fte kennen. Alle p\u00e4dagogischen Fachkr\u00e4fte sind staatlich anerkannte Erzieherinnen oder Erzieher.<\/p>\n\n\n\n<div class=\"wp-block-buttons is-content-justification-center is-layout-flex wp-container-core-buttons-is-layout-dd320d38 wp-block-buttons-is-layout-flex\" style=\"margin-bottom:var(--wp--preset--spacing--40)\">\n<div class=\"wp-block-button\"><a class=\"wp-block-button__link has-background wp-element-button\" href=\"http:\/\/neu.giraffenbaeren.de\/index.php\/wir-ueber-uns\/17-2\/\" style=\"background-color:#103840\">zu den Teamfotos<\/a><\/div>\n<\/div>\n\n\n\n<h2 class=\"wp-block-heading\">Gremien &amp; Elternarbeit<\/h2>\n\n\n\n<figure class=\"wp-block-image size-full is-resized is-style-rounded is-style-rounded--3\"><a href=\"http:\/\/neu.giraffenbaeren.de\/index.php\/wir-ueber-uns\/gremien-elternarbeit\/\"><img loading=\"lazy\" decoding=\"async\" width=\"2560\" height=\"1017\" src=\"http:\/\/neu.giraffenbaeren.de\/wp-content\/uploads\/2026\/03\/Banner5-scaled.jpg\" alt=\"\" class=\"wp-image-52\" style=\"object-fit:cover;width:600px;height:200px\" srcset=\"https:\/\/neu.giraffenbaeren.de\/wp-content\/uploads\/2026\/03\/Banner5-scaled.jpg 2560w, https:\/\/neu.giraffenbaeren.de\/wp-content\/uploads\/2026\/03\/Banner5-300x119.jpg 300w, https:\/\/neu.giraffenbaeren.de\/wp-content\/uploads\/2026\/03\/Banner5-1024x407.jpg 1024w, https:\/\/neu.giraffenbaeren.de\/wp-content\/uploads\/2026\/03\/Banner5-768x305.jpg 768w, https:\/\/neu.giraffenbaeren.de\/wp-content\/uploads\/2026\/03\/Banner5-1536x610.jpg 1536w, https:\/\/neu.giraffenbaeren.de\/wp-content\/uploads\/2026\/03\/Banner5-2048x814.jpg 2048w\" sizes=\"auto, (max-width: 2560px) 100vw, 2560px\" \/><\/a><\/figure>\n\n\n\n<p>Wir sind eine zweigruppige Kindertageseinrichtung \u2013 gef\u00fchrt unter der Tr\u00e4gerschaft des Elternvereins \u201eintegrative Kita Giraffenb\u00e4r e.V.\u201c<\/p>\n\n\n\n<div class=\"wp-block-buttons is-content-justification-center is-layout-flex wp-container-core-buttons-is-layout-222c5d1d wp-block-buttons-is-layout-flex\" style=\"margin-bottom:var(--wp--preset--spacing--50)\">\n<div class=\"wp-block-button\"><a class=\"wp-block-button__link has-background wp-element-button\" href=\"http:\/\/neu.giraffenbaeren.de\/index.php\/wir-ueber-uns\/gremien-elternarbeit\/\" style=\"background-color:#103840\">Unsere Gremien als Elterninitiaitve<\/a><\/div>\n<\/div>\n","protected":false},"excerpt":{"rendered":"<p>Unsere Geschichte Wir sind eine zweigruppige Kindertageseinrichtung \u2013 gef\u00fchrt unter der Tr\u00e4gerschaft des Elternvereins \u201eintegrative Kita Giraffenb\u00e4r e.V.\u201c. Unser Team Lernen Sie unser Team rund um unsere p\u00e4dagogischen Fachkr\u00e4fte kennen. Alle p\u00e4dagogischen Fachkr\u00e4fte sind staatlich anerkannte Erzieherinnen oder Erzieher. Gremien &amp; Elternarbeit Wir sind eine zweigruppige Kindertageseinrichtung \u2013 gef\u00fchrt unter der Tr\u00e4gerschaft des Elternvereins \u201eintegrative [&hellip;]<\/p>\n","protected":false},"author":1,"featured_media":0,"parent":0,"menu_order":0,"comment_status":"closed","ping_status":"closed","template":"","meta":{"footnotes":""},"class_list":["post-208","page","type-page","status-publish","hentry"],"_links":{"self":[{"href":"https:\/\/neu.giraffenbaeren.de\/index.php\/wp-json\/wp\/v2\/pages\/208","targetHints":{"allow":["GET"]}}],"collection":[{"href":"https:\/\/neu.giraffenbaeren.de\/index.php\/wp-json\/wp\/v2\/pages"}],"about":[{"href":"https:\/\/neu.giraffenbaeren.de\/index.php\/wp-json\/wp\/v2\/types\/page"}],"author":[{"embeddable":true,"href":"https:\/\/neu.giraffenbaeren.de\/index.php\/wp-json\/wp\/v2\/users\/1"}],"replies":[{"embeddable":true,"href":"https:\/\/neu.giraffenbaeren.de\/index.php\/wp-json\/wp\/v2\/comments?post=208"}],"version-history":[{"count":7,"href":"https:\/\/neu.giraffenbaeren.de\/index.php\/wp-json\/wp\/v2\/pages\/208\/revisions"}],"predecessor-version":[{"id":503,"href":"https:\/\/neu.giraffenbaeren.de\/index.php\/wp-json\/wp\/v2\/pages\/208\/revisions\/503"}],"wp:attachment":[{"href":"https:\/\/neu.giraffenbaeren.de\/index.php\/wp-json\/wp\/v2\/media?parent=208"}],"curies":[{"name":"wp","href":"https:\/\/api.w.org\/{rel}","templated":true}]}}