{"id":209,"date":"2026-03-12T11:02:38","date_gmt":"2026-03-12T10:02:38","guid":{"rendered":"http:\/\/neu.giraffenbaeren.de\/index.php\/betreuungsangebot\/"},"modified":"2026-04-09T10:05:05","modified_gmt":"2026-04-09T08:05:05","slug":"betreuungsangebot","status":"publish","type":"page","link":"https:\/\/neu.giraffenbaeren.de\/index.php\/betreuungsangebot\/","title":{"rendered":"Betreuungsangebot"},"content":{"rendered":"\n<p>Wir sind eine zweigruppige Kindertageseinrichtung \u2013 gef\u00fchrt unter der Tr\u00e4gerschaft des Elternvereins \u201eintegrative Kita Giraffenb\u00e4r e.V.\u201c Unsere Kindertagesst\u00e4tte nimmt <strong>um die 42 Kinder im Alter von 2 bis 6<br>Jahren<\/strong> auf.<\/p>\n\n\n\n<h1 class=\"wp-block-heading has-large-font-size\">Unsere Betreuungszeiten<\/h1>\n\n\n\n<ul class=\"wp-block-list\">\n<li>7.30 Uhr bis 14.30 Uhr \u2013 35 Stunden Betreuungszeit pro Woche<\/li>\n\n\n\n<li>8.00 Uhr bis 15.00 Uhr \u2013 35 Stunden Betreuungszeit pro Woche<\/li>\n\n\n\n<li>7.30 Uhr bis 16.30 Uhr \u2013 45 Stunden Betreuungszeit pro Woche<\/li>\n<\/ul>\n\n\n\n<p>Unsere Schlie\u00dfungszeit betr\u00e4gt die ersten drei Wochen der Sommerferien. Zwischen Weihnachten und Neujahr ist ebenfalls geschlossen.<\/p>\n\n\n\n<h1 class=\"wp-block-heading has-large-font-size\">Platzanfrage<\/h1>\n\n\n\n<p>Sichern Sie sich Ihren Kindergartenplatz \u00fcber&nbsp;<a href=\"https:\/\/portal.little-bird.de\/\" target=\"_blank\" rel=\"noreferrer noopener\">LITTLE BIRD<\/a>, dem Elternportal, in dem sich s\u00e4mtliche Betreuungsanbieter einer Einheit (Tr\u00e4ger, Kommune, Landkreis) pr\u00e4sentieren und Eltern direkt online Betreuungsanfragen stellen k\u00f6nnen.<\/p>\n\n\n\n<div class=\"wp-block-buttons is-content-justification-center is-layout-flex wp-container-core-buttons-is-layout-a89b3969 wp-block-buttons-is-layout-flex\">\n<div class=\"wp-block-button\"><a class=\"wp-block-button__link has-background wp-element-button\" href=\"https:\/\/portal.little-bird.de\/Start\" style=\"background-color:#103840\">Zum LITTLE BIRD Portal<\/a><\/div>\n<\/div>\n\n\n\n<div style=\"height:100px\" aria-hidden=\"true\" class=\"wp-block-spacer\"><\/div>\n","protected":false},"excerpt":{"rendered":"<p>Wir sind eine zweigruppige Kindertageseinrichtung \u2013 gef\u00fchrt unter der Tr\u00e4gerschaft des Elternvereins \u201eintegrative Kita Giraffenb\u00e4r e.V.\u201c Unsere Kindertagesst\u00e4tte nimmt um die 42 Kinder im Alter von 2 bis 6Jahren auf. Unsere Betreuungszeiten Unsere Schlie\u00dfungszeit betr\u00e4gt die ersten drei Wochen der Sommerferien. Zwischen Weihnachten und Neujahr ist ebenfalls geschlossen. Platzanfrage Sichern Sie sich Ihren Kindergartenplatz \u00fcber&nbsp;LITTLE [&hellip;]<\/p>\n","protected":false},"author":1,"featured_media":0,"parent":0,"menu_order":0,"comment_status":"closed","ping_status":"closed","template":"","meta":{"footnotes":""},"class_list":["post-209","page","type-page","status-publish","hentry"],"_links":{"self":[{"href":"https:\/\/neu.giraffenbaeren.de\/index.php\/wp-json\/wp\/v2\/pages\/209","targetHints":{"allow":["GET"]}}],"collection":[{"href":"https:\/\/neu.giraffenbaeren.de\/index.php\/wp-json\/wp\/v2\/pages"}],"about":[{"href":"https:\/\/neu.giraffenbaeren.de\/index.php\/wp-json\/wp\/v2\/types\/page"}],"author":[{"embeddable":true,"href":"https:\/\/neu.giraffenbaeren.de\/index.php\/wp-json\/wp\/v2\/users\/1"}],"replies":[{"embeddable":true,"href":"https:\/\/neu.giraffenbaeren.de\/index.php\/wp-json\/wp\/v2\/comments?post=209"}],"version-history":[{"count":10,"href":"https:\/\/neu.giraffenbaeren.de\/index.php\/wp-json\/wp\/v2\/pages\/209\/revisions"}],"predecessor-version":[{"id":513,"href":"https:\/\/neu.giraffenbaeren.de\/index.php\/wp-json\/wp\/v2\/pages\/209\/revisions\/513"}],"wp:attachment":[{"href":"https:\/\/neu.giraffenbaeren.de\/index.php\/wp-json\/wp\/v2\/media?parent=209"}],"curies":[{"name":"wp","href":"https:\/\/api.w.org\/{rel}","templated":true}]}}