{"id":211,"date":"2026-03-12T11:05:24","date_gmt":"2026-03-12T10:05:24","guid":{"rendered":"http:\/\/neu.giraffenbaeren.de\/index.php\/unsere-geschichte\/"},"modified":"2026-04-09T13:07:44","modified_gmt":"2026-04-09T11:07:44","slug":"unsere-geschichte","status":"publish","type":"page","link":"https:\/\/neu.giraffenbaeren.de\/index.php\/wir-ueber-uns\/unsere-geschichte\/","title":{"rendered":"Unsere Geschichte"},"content":{"rendered":"\n<div class=\"wp-block-group alignfull has-base-background-color has-background is-layout-flow wp-block-group-is-layout-flow\" style=\"margin-top:0;margin-bottom:0;padding-top:var(--wp--preset--spacing--50);padding-right:var(--wp--preset--spacing--50);padding-bottom:var(--wp--preset--spacing--50);padding-left:var(--wp--preset--spacing--50)\">\n<div class=\"wp-block-columns alignwide are-vertically-aligned-center is-layout-flex wp-container-core-columns-is-layout-549b0c86 wp-block-columns-is-layout-flex\">\n<div class=\"wp-block-column is-vertically-aligned-center is-layout-flow wp-container-core-column-is-layout-b9209656 wp-block-column-is-layout-flow\" style=\"padding-right:0;padding-left:0;flex-basis:100%\">\n<p class=\"has-heading-font-family has-x-large-font-size\" style=\"line-height:1.2\">Wir sind eine zweigruppige<br>Kindertageseinrichtung \u2013 gef\u00fchrt unter<br>der Tr\u00e4gerschaft des Elternvereins<br>\u201eintegrative Kita Giraffenb\u00e4r e.V.\u201c<\/p>\n\n\n\n<div class=\"wp-block-columns is-layout-flex wp-container-core-columns-is-layout-87beb0d0 wp-block-columns-is-layout-flex\">\n<div class=\"wp-block-column is-layout-flow wp-block-column-is-layout-flow\" style=\"flex-basis:50%\">\n<p class=\"wp-container-content-9cfa9a5a\">Unsere Kindertagesst\u00e4tte liegt im \u00e4u\u00dfersten Norden von Refrath in einer Wohnsiedlung, genannt \u201eWohnpark Refrath.\u201c Sie besteht aus Plattenbauten mit Sozialwohnungen, Eigentumswohnungen, Mietwohnungen, einem Seniorenheim und eben unserer Kita. Die Siedlung liegt in der N\u00e4he eines Waldes und ist von vielen Gr\u00fcnfl\u00e4chen und Str\u00e4uchern umringt. Eine Stra\u00dfenbahn f\u00e4hrt gut angebunden direkt in die K\u00f6lner City. Es gibt zwei direkte Anschl\u00fcsse zur Autobahn A4 \u2013 die A3 und A59 sind in wenigen Minuten erreichbar. Der Flughafen K\u00f6ln\/ Bonn ist in ca. 15 Minuten mit dem Auto zu erreichen.<br><br>Die Elterninitiative wurde nach dem Konkurs der Eigent\u00fcmergemeinschaft gegr\u00fcndet. Rund um die Kita entstanden in den letzten Jahren familienfreundliche Neubaugebiete. Der angrenzende Boltzplatz blieb bestehen. Doch das letzte \u201eSt\u00fcck Gr\u00fcn\u201c musste 2016 einem direkten Anbau an das Kita-Geb\u00e4ude weichen.<br><br>Gl\u00fccklicherweise ist der nahe gelegene Wald in ca. 4 Minuten zu Fu\u00df zu erreichen, ohne eine Stra\u00dfe queren zu m\u00fcssen<\/p>\n<\/div>\n\n\n\n<div class=\"wp-block-column is-layout-flow wp-block-column-is-layout-flow\">\n<p><strong>Entstehung und Gr\u00fcndung:<\/strong><\/p>\n\n\n\n<ul class=\"wp-block-list\">\n<li>1973 Gr\u00fcndung dieser Elterninitiative<\/li>\n\n\n\n<li>1998 Umstrukturierung und Umbau \u2013 eine integrative Gruppe entsteht<\/li>\n\n\n\n<li>2009 Kleiner Umbau und die Aufnahme zweij\u00e4hriger Kinder (GF1)<\/li>\n\n\n\n<li>2012 Erweiterung der Kinderzahl auf bis zu 48 Kinder und Gr\u00fcndung des p\u00e4dagogischen Angebotes \u201eWald\u201c f\u00fcr alle Kinder<\/li>\n\n\n\n<li>2015 Entwicklung von der Integration zur Inklusion (Aufl\u00f6sung der i Gruppe)<\/li>\n<\/ul>\n<\/div>\n<\/div>\n<\/div>\n<\/div>\n<\/div>\n","protected":false},"excerpt":{"rendered":"<p>Wir sind eine zweigruppigeKindertageseinrichtung \u2013 gef\u00fchrt unterder Tr\u00e4gerschaft des Elternvereins\u201eintegrative Kita Giraffenb\u00e4r e.V.\u201c Unsere Kindertagesst\u00e4tte liegt im \u00e4u\u00dfersten Norden von Refrath in einer Wohnsiedlung, genannt \u201eWohnpark Refrath.\u201c Sie besteht aus Plattenbauten mit Sozialwohnungen, Eigentumswohnungen, Mietwohnungen, einem Seniorenheim und eben unserer Kita. Die Siedlung liegt in der N\u00e4he eines Waldes und ist von vielen Gr\u00fcnfl\u00e4chen und [&hellip;]<\/p>\n","protected":false},"author":1,"featured_media":0,"parent":208,"menu_order":0,"comment_status":"closed","ping_status":"closed","template":"","meta":{"footnotes":""},"class_list":["post-211","page","type-page","status-publish","hentry"],"_links":{"self":[{"href":"https:\/\/neu.giraffenbaeren.de\/index.php\/wp-json\/wp\/v2\/pages\/211","targetHints":{"allow":["GET"]}}],"collection":[{"href":"https:\/\/neu.giraffenbaeren.de\/index.php\/wp-json\/wp\/v2\/pages"}],"about":[{"href":"https:\/\/neu.giraffenbaeren.de\/index.php\/wp-json\/wp\/v2\/types\/page"}],"author":[{"embeddable":true,"href":"https:\/\/neu.giraffenbaeren.de\/index.php\/wp-json\/wp\/v2\/users\/1"}],"replies":[{"embeddable":true,"href":"https:\/\/neu.giraffenbaeren.de\/index.php\/wp-json\/wp\/v2\/comments?post=211"}],"version-history":[{"count":9,"href":"https:\/\/neu.giraffenbaeren.de\/index.php\/wp-json\/wp\/v2\/pages\/211\/revisions"}],"predecessor-version":[{"id":519,"href":"https:\/\/neu.giraffenbaeren.de\/index.php\/wp-json\/wp\/v2\/pages\/211\/revisions\/519"}],"up":[{"embeddable":true,"href":"https:\/\/neu.giraffenbaeren.de\/index.php\/wp-json\/wp\/v2\/pages\/208"}],"wp:attachment":[{"href":"https:\/\/neu.giraffenbaeren.de\/index.php\/wp-json\/wp\/v2\/media?parent=211"}],"curies":[{"name":"wp","href":"https:\/\/api.w.org\/{rel}","templated":true}]}}